{"id":49,"date":"2023-04-11T18:13:11","date_gmt":"2023-04-11T16:13:11","guid":{"rendered":"https:\/\/ambasciatapraga.esteri.it\/?page_id=49"},"modified":"2025-11-17T14:25:10","modified_gmt":"2025-11-17T13:25:10","slug":"passaporti-e-carte-didentita","status":"publish","type":"page","link":"https:\/\/ambbudapest.esteri.it\/it\/servizi-consolari-e-visti\/servizi-per-il-cittadino-italiano\/passaporti-e-carte-didentita\/","title":{"rendered":"Passaporti e Carte d\u2019identit\u00e0"},"content":{"rendered":"<p><strong><u>PASSAPORTO<\/u><\/strong><\/p>\n<p>Il passaporto \u00e8 un documento di viaggio e riconoscimento rilasciato:<\/p>\n<ul>\n<li>dalle Questure in Italia;<\/li>\n<li>dalle Rappresentanze diplomatico-consolari all&#8217;estero.<\/li>\n<\/ul>\n<p>\u00c8 valido per tutti i Paesi i cui Governi sono riconosciuti dal Governo italiano e, a domanda dell&#8217;interessato, pu\u00f2 essere reso valido per i Paesi i cui Governi non sono riconosciuti mediante l&#8217;indicazione delle localit\u00e0 di destinazione (art. 2 della legge1185\/67).<\/p>\n<p>Nel ricordare che il possesso del passaporto \u00e8 quindi requisito essenziale per l\u2019ingresso nella maggior parte dei Paesi extraeuropei, prima di intraprendere un viaggio si raccomanda una attenta consultazione del sito web <a href=\"http:\/\/www.viaggiaresicuri.it\">www.viaggiaresicuri.it<\/a>\u00a0dove sar\u00e0 possibile consultare, per ogni singolo Stato di destinazione, le informazioni aggiornate sul\/i documento\/i di viaggio richiesto\/i per l\u2019ingresso nel Paese e su eventuali restrizioni e\/o requisiti specifici.<\/p>\n<ol>\n<li><strong> Rilascio del passaporto<\/strong><br \/>\nDi norma la domanda di rilascio del passaporto va presentata all\u2019Ufficio competente territorialmente in base alla residenza del richiedente, in Italia o all\u2019estero.<br \/>\nI cittadini italiani possono chiedere il rilascio del passaporto presso un qualsiasi Ufficio emittente, sia in Italia sia all&#8217;estero. In casi particolari, il passaporto pu\u00f2 essere rilasciato da un Ufficio diverso da quello di residenza; <strong>in tali casi sar\u00e0 necessario acquisire preventivamente la delega da parte dell&#8217;Ufficio (Questura o Consolato) competente per residenza.<\/strong> La delega deve essere espressa.<br \/>\nPertanto, nel caso in cui la domanda venga presentata presso una circoscrizione consolare in cui non si \u00e8 residenti, <strong>\u00e8 bene tenere presente che la necessaria delega della Questura\/Consolato competente potrebbe rendere pi\u00f9 lunghi i tempi di rilascio.<\/strong><\/li>\n<\/ol>\n<p><strong>Al fine di velocizzare al massimo la procedura, raccomandiamo nel vostro interesse di inviare via mail il <\/strong><a href=\"https:\/\/ambbudapest.esteri.it\/wp-content\/uploads\/2023\/11\/informazioni_e_moduli_passaporto_16.06.2023-1.pdf\"><strong>formulario di richiesta del passaporto<\/strong><\/a><strong>, debitamente compilato e sottoscritto. <\/strong><strong>L&#8217;appuntamento dovr<\/strong><strong>\u00e0<\/strong><strong> essere preso tramite il portale <a href=\"https:\/\/prenotami.esteri.it\/\">Prenot@mi<\/a>. <\/strong><\/p>\n<ol start=\"2\">\n<li><strong> Tipologie di passaporto<\/strong><br \/>\nLa normativa vigente prevede le seguenti tipologie di passaporto:<br \/>\na) Passaporto ordinario: libretto a formato unico a 48 pagine;<br \/>\nb) Passaporto temporaneo: libretto a 16 pagine.<br \/>\nTutti i passaporti in corso di validit\u00e0, compresi quelli con figli minori iscritti, restano validi fino alla loro naturale data di scadenza.<\/li>\n<\/ol>\n<p><strong>2.A. Passaporto ordinario<\/strong><br \/>\nPer passaporto ordinario si intende il passaporto elettronico che &#8211; a partire dal 26 ottobre 2006 -ha sostituito i precedenti modelli. Esso utilizza moderne tecnologie, quali la stampa anticontraffazione ed un microprocessore contenente i dati del titolare e dell\u2019autorit\u00e0 che lo ha rilasciato, che offrono standard elevati di sicurezza.<br \/>\nEsso permette, per esempio, di entrare negli USA per soggiorni inferiori ai 90 giorni, senza bisogno di chiedere il visto (Visa Waiver Program).<br \/>\nLa validit\u00e0 temporale del passaporto differisce in base all\u2019et\u00e0 del titolare:<\/p>\n<ul>\n<li>per i minori di 3 anni la validit\u00e0 \u00e8 di 3 anni;<\/li>\n<li>per i minori dai 3 ai 18 anni la validit\u00e0 \u00e8 di 5 anni;<\/li>\n<li>per i maggiorenni la validit\u00e0 \u00e8 di 10 anni.<\/li>\n<\/ul>\n<p><strong>I passaporti scaduti non possono pi\u00f9 essere rinnovati.<\/strong><\/p>\n<p><strong>Documentazione necessaria ai fini del rilascio del passaporto ordinario:<\/strong><\/p>\n<ul>\n<li><a href=\"https:\/\/ambbudapest.esteri.it\/wp-content\/uploads\/2023\/11\/informazioni_e_moduli_passaporto_16.06.2023-1.pdf\">formulario di richiesta del passaporto<\/a>, debitamente compilato e sottoscritto dall&#8217;interessato;<\/li>\n<li>esibizione di un documento di riconoscimento ai sensi del D.P.R. 445\/2000;<\/li>\n<li>1 fotografia recente (frontale, a colori formato 35 x 40 mm);<\/li>\n<li>pagamento della tariffa consolare in fiorini ungheresi, in contanti. Per le tariffe attuali consultare la pagina Tariffe consolari;<\/li>\n<li>nel caso in cui il richiedente sia un minore di anni 18, atto di assenso di entrambi genitori;<\/li>\n<li>nel caso in cui il richiedente sia un minore di anni 18 nato all&#8217;estero, \u00e8 necessario presentare al Consolato competente \u2013 che, laddove non si sia gi\u00e0 provveduto in tal senso, provveder\u00e0 alla trasmissione in Italia, per la successiva trascrizione nei registri di stato civile del Comune di riferimento &#8211; l\u2019atto di nascita, tradotto e legalizzato (o munito di apostille) oppure, ove previsto, il certificato su formulario plurilingue.<\/li>\n<\/ul>\n<p>Si informano i connazionali genitori di figli minori, che a partire dal 14 giugno 2023 non sar\u00e0 pi\u00f9 necessario presentare l\u2019atto di assenso dell\u2019altro genitore ai fini del rilascio del proprio documento d\u2019identit\u00e0 (passaporto e CIE), ai sensi del D.L. 69\/2023.<\/p>\n<p><strong>Passaporto individuale per i minori<\/strong><br \/>\nDal 26 giugno 2012 tutti i minori italiani che viaggiano devono essere muniti di documento di viaggio individuale. Pertanto, a partire dalla predetta data i minori devono essere in possesso di passaporto individuale oppure, qualora gli Stati attraversati ne riconoscano la validit\u00e0, o di carta d\u2019identit\u00e0 valida per l\u2019espatrio.<br \/>\nLa validit\u00e0 temporale del passaporto rilasciato ad un minore \u00e8 differenziata in base all&#8217;et\u00e0 dello stesso:<\/p>\n<ul>\n<li>3 anni di validit\u00e0 per i minori da 0 a 3 anni;<\/li>\n<li>5 anni di validit\u00e0 per i minori da 3 a 18 anni.<\/li>\n<\/ul>\n<p>Gli esercenti la potest\u00e0 genitoriale possono chiedere agli Uffici competenti a rilasciare il documento che i propri nomi siano riportati sul passaporto del figlio minore. Qualora tale indicazione non dovesse essere presente, prima di intraprendere il viaggio si consiglia di munirsi di un certificato di stato di famiglia o di estratto di nascita del minore da esibire in frontiera qualora le autorit\u00e0 lo richiedano nell\u2019esercizio delle funzioni di controllo finalizzate a sventare il pericolo di sottrazione di minori.<\/p>\n<p><strong>Dichiarazione di accompagnamento<\/strong><br \/>\nFino al compimento dei 14 anni i minori italiani possono espatriare a condizione che viaggino accompagnati da almeno un genitore o da chi ne fa le veci oppure che venga menzionato sul passaporto, o su una <a href=\"https:\/\/ambbudapest.esteri.it\/wp-content\/uploads\/2023\/11\/78187_f_amb61dichiarazione_accompagnamento1-1.pdf\">dichiarazione di accompagnamento <\/a>rilasciata da chi pu\u00f2 dare l\u2019assenso o l\u2019autorizzazione ai sensi dell\u2019articolo 3, lettera a) della legge 21 novembre 1967, n. 1185, e vistata da un\u2019autorit\u00e0 competente al rilascio (Questura in Italia, ufficio consolare all\u2019estero), il nome della persona, dell\u2019ente o della compagnia di trasporto a cui i minori medesimi sono affidati.<\/p>\n<p>Dal 4 giugno 2014 \u00e8 entrata in vigore la nuova disciplina riguardante la dichiarazione di accompagnamento, finalizzata a garantire una maggiore tutela del minore, a rendere pi\u00f9 agevoli i controlli alle frontiere e a facilitare la presentazione della dichiarazione mediante l\u2019utilizzo anche di modalit\u00e0 telematiche (mail, PEC, fax) . Si evidenziano di seguito le innovazioni principali:<\/p>\n<ul>\n<li>la dichiarazione di accompagnamento pu\u00f2 riguardare un solo viaggio (da intendersi come andata e\/o ritorno) dal Paese di residenza del minore con destinazione determinata e non pu\u00f2 eccedere, di norma, il termine massimo di sei mesi;<\/li>\n<li>gli esercenti la responsabilit\u00e0 genitoriale o tutoria possono indicare fino ad un massimo di due accompagnatori, che saranno tuttavia alternativi fra di loro;<\/li>\n<li>nel rendere la dichiarazione di accompagnamento, gli esercenti la responsabilit\u00e0 genitoriale o tutoria possono chiedere che i nominativi degli accompagnatori, la durata del viaggio e la destinazione siano stampati sul passaporto del minore o in alternativa che tali dati siano riportati in una separata attestazione, che verr\u00e0 stampata dall\u2019Ufficio competente;<\/li>\n<li>nel caso in cui il minore sia affidato ad un ente o ad una compagnia di trasporto, per garantire la completezza e la leggibilit\u00e0 dei dati relativi al viaggio, \u00e8 rilasciata unicamente l\u2019attestazione. Si suggerisce, prima di acquistare il biglietto della compagnia di trasporto di verificare che la stessa accetti che il minore sia ad essa affidato.<\/li>\n<\/ul>\n<p><strong>Rilevazione delle impronte digitali e casi di esenzione<\/strong><br \/>\nL&#8217;obbligo di inserimento delle impronte digitali nel passaporto \u00e8 stato disposto dalla normativa europea, in particolare dal Regolamento (CE) n. 2252 del 2004 (come modificato dal Regolamento (CE) n. 444\/2009), che ne ha fissato l&#8217;avvio al 29 giugno 2009.<br \/>\nIl rilascio del passaporto elettronico con le impronte digitali e la firma digitalizzata richiede la presenza fisica del connazionale presso il Consolato.<br \/>\nIl formulario di richiesta corredato dei documenti necessari all\u2019istruttoria pu\u00f2 essere inoltrato al Consolato competente anche per posta o tramite la rete consolare onoraria. Completata l&#8217;istruttoria, il richiedente potr\u00e0 &#8211; previo appuntamento &#8211; recarsi al Consolato per la rilevazione delle impronte digitali, l\u2019apposizione della firma e il rilascio a vista del documento.<br \/>\nI minori di anni 12 sono esentati dalla rilevazione delle impronte digitali.<br \/>\nE\u2019 inoltre prevista l&#8217;esenzione permanente dalla rilevazione delle impronte digitali:<\/p>\n<ol>\n<li>a) in caso di patologia o impedimento fisico permanente opportunamente documentati (ad es. certificazione medica rilasciata da un&#8217;autorit\u00e0 sanitaria locale, strutture ospedaliere, ecc.).<br \/>\nb) in caso di menomazione o malformazione fisica evidente (si prescinde in tal caso dalla certificazione medica).<br \/>\nIn tali casi, viene rilasciato un libretto di passaporto ordinario senza impronte con durata decennale.<br \/>\nNei casi di impossibilit\u00e0 temporanea alla rilevazione delle impronte digitali non dipendenti dalla volont\u00e0 del richiedente si procede al rilascio del passaporto temporaneo.<\/li>\n<\/ol>\n<p><strong>Acquisizione della firma in formato digitale e casi di esenzione<\/strong><br \/>\nAll\u2019atto della rilevazione delle impronte viene acquisita digitalmente anche la firma del titolare, che viene poi stampata nella pagina contenente i dati anagrafici.<br \/>\nI minori di anni 12 sono esentati dall&#8217;apposizione della firma.<br \/>\nE\u2019 inoltre prevista l&#8217;esenzione permanente dall&#8217;apposizione della firma per:<\/p>\n<ol start=\"73\">\n<li>a) gli analfabeti (previa acquisizione agli atti dell&#8217;Ufficio della dichiarazione sostitutiva di atto di notoriet\u00e0);<br \/>\nb) coloro che presentino una impossibilit\u00e0 fisica accertata o documentata che impedisca l\u2019apposizione della firma.<br \/>\nCosto del passaporto ordinario<br \/>\nIl costo attuale del libretto \u00e8 di \u20ac 42,50 a cui si aggiunge il contributo amministrativo di \u20ac73.50. Dal 24 giugno 2014, ai sensi dell\u2019articolo 5-bis del DL n. 66\/2014, non \u00e8 pi\u00f9 dovuto il pagamento della tassa di rilascio e, per gli anni successivi al primo, della tassa annuale governativa nel caso di utilizzo del passaporto per viaggi in Paesi che non fanno parte dell\u2019Unione Europea. Sulla base di quanto previsto dalla Tariffa consolare, all\u2019estero tale modifica entra in vigore l\u20198 luglio 2014.<\/li>\n<\/ol>\n<p><strong>Il rilascio del passaporto \u00e8 gratuito nei seguenti casi:<\/strong><\/p>\n<ul>\n<li>il richiedente \u00e8 considerato emigrante ai sensi del T.U. 13.11.1919, n. 2205 (convertito in legge 17.04.1925, n. 473). L\u2019art. 10 del T.U. stabilisce che &#8220;\u00e8 considerato emigrante, agli effetti delle leggi e regolamenti sull&#8217;emigrazione, ogni cittadino che espatri esclusivamente a scopo di lavoro manuale e per esercitare il piccolo traffico o vada a raggiungere il coniuge, gli ascendenti, fratelli, zii, nipoti e gli affini negli stessi gradi, gi\u00e0 emigrati a scopo di lavoro, o ritorni in Paesi esteri ove gi\u00e0 precedentemente sia emigrato nelle condizioni previste dal presente articolo&#8221;;<\/li>\n<li>il richiedente italiano residente all&#8217;estero necessita di rimpatrio consolare o rientra per prestare il servizio militare volontario;<\/li>\n<li>il richiedente italiano \u00e8 indigente (al fine di individuare la soglia di indigenza ci si riferisce ai parametri utilizzati per l\u2019assistenza in ciascun Paese. Per maggiori informazioni si suggerisce di contattare il Consolato nella cui circoscrizione territoriale si \u00e8 residenti).<\/li>\n<li>il richiedente italiano \u00e8 un ministro del culto o un religioso missionario (in questo caso deve essere presentata una dichiarazione del superiore, in carta timbrata, attestando che il richiedente \u00e8 religioso missionario, con l&#8217;indicazione della sua residenza).<\/li>\n<\/ul>\n<p><strong>2.B. Passaporto temporaneo<\/strong><br \/>\nIl passaporto temporaneo (da non confondere con il Documento di viaggio provvisorio o ETD) \u00e8 un documento di emergenza su supporto cartaceo, espressamente previsto dal Regolamento (CE) n. 444 del 2009. Non contiene il microchip per la registrazione dei dati del titolare.<br \/>\nE\u2019 rilasciato per i casi di inabilit\u00e0 temporanea alla rilevazione delle impronte, <strong>solo in circostanze motivate di necessit\u00e0 ed urgenza<\/strong>, per le quali lo stesso possa costituire l&#8217;unico strumento atto a garantire la sicurezza, la salute o gli interessi economici dei connazionali.<br \/>\nLa sua validit\u00e0 temporale non pu\u00f2 essere superiore ad un anno.<\/p>\n<p>Esso non rientra nel Visa Waiver Program e necessita di visto per l\u2019ingresso negli USA.<\/p>\n<p><strong>Documentazione necessaria ai fini del rilascio del passaporto temporaneo<\/strong><br \/>\nOltre alla documentazione richiesta per il rilascio del passaporto ordinario (vedi punto 2A), \u00e8 necessario presentare:<\/p>\n<ul>\n<li>idonea documentazione attestante l\u2019inabilit\u00e0 temporanea alla rilevazione delle impronte;<\/li>\n<li>dichiarazione attestante la sussistenza di circostanze motivate di necessit\u00e0 ed urgenza, per le quali tale documento possa costituire l&#8217;unico strumento atto a garantire la sicurezza, la salute o gli interessi economici del richiedente.<\/li>\n<li>ricevuta del pagamento del costo del libretto, a meno di far parte delle categorie esenti di cui all\u2019art. 19 della legge 1185\/1967. A seguito delle modifiche introdotte con l\u2019articolo 5-bis del DL n. 66\/2014, dal 24 giugno 2014 non \u00e8 pi\u00f9 dovuto il pagamento della tassa governativa. Ai sensi di quanto previsto dalla Tariffa consolare, all\u2019estero, tale modifica entra in vigore l\u20198 luglio 2014.<\/li>\n<\/ul>\n<p><strong>Costo del passaporto temporaneo<\/strong><br \/>\nIl costo attuale di tale documento \u00e8 di \u20ac 5,20. Dal 24 giugno 2014 non \u00e8 pi\u00f9 dovuto il pagamento della tassa di \u20ac 40,29. Ai sensi di quanto previsto dalla Tariffa consolare, all\u2019estero, tale modifica entra in vigore l\u20198 luglio 2014.<\/p>\n<p><strong>3. Esaurimento delle pagine per i visti<\/strong><br \/>\nQualora si intenda richiedere un nuovo libretto a causa dell\u2019esaurimento delle pagine per i visti, la procedura da seguire \u00e8 la stessa prevista per il rilascio del passaporto ordinario.<\/p>\n<p><strong>4. Ritiro del passaporto<\/strong><\/p>\n<ol start=\"3\">\n<li>Secondo la normativa vigente, il passaporto pu\u00f2 venire ritirato:<\/li>\n<\/ol>\n<ul>\n<li>quando sopravvengono le stesse circostanze che ne avrebbero legittimato il mancato rilascio ai sensi dell\u2019art. 3 della Legge 1185\/67;<\/li>\n<li>quando il titolare del passaporto che si trova all&#8217;estero non \u00e8 in grado di fornire la prova di adempimento degli obblighi alimentari che derivano dalla pronuncia dell&#8217;autorit\u00e0 giudiziaria o dalla richiesta di discendenti minorenni o inabili al lavoro, ascendenti o del coniuge non legalmente separato;<\/li>\n<li>quando il titolare del passaporto \u00e8 un minorenne che svolge all&#8217;estero attivit\u00e0 immorali, pericolose o nocive per la salute.<\/li>\n<\/ul>\n<p>5. <strong>Furto o smarrimento del passaporto all\u2019estero<\/strong><\/p>\n<p>Qualora il cittadino italiano si trovi in una situazione di emergenza (ad esempio un turista in transito che deve partire tempestivamente e ha perso o \u00e8 stato derubato del proprio passaporto) e non si faccia in tempo ad esperire la necessaria istruttoria per l\u2019emissione di un nuovo passaporto, la Rappresentanza consolare rilascia un documento di viaggio provvisorio, chiamato anche E.T.D. (Emergency Travel Document), con validit\u00e0 per il solo viaggio di rientro in Italia, nel Paese di stabile residenza all\u2019estero o, in casi eccezionali, per una diversa destinazione.<\/p>\n<p><strong>Restituzione passaporti rinvenuti all\u2019estero e restituiti agli uffici consolari italiani<\/strong><br \/>\nSi rende noto all\u2019utenza che i passaporti oggetto di furto o smarrimento all\u2019estero e successivamente rinvenuti da parte delle locali Autorit\u00e0, vengono restituiti all\u2019Ufficio consolare nella cui circoscrizione \u00e8 avvenuto il furto o lo smarrimento.<br \/>\nSi invitano pertanto coloro che abbiano recentemente subito all\u2019estero un furto\/smarrimento e vogliano verificare se i propri passaporti siano stati rinvenuti, a contattare l\u2019Ufficio consolare territorialmente competente per ulteriori informazioni in merito.<br \/>\nSi segnala che l\u2019eventuale ritiro del passaporto potr\u00e0 avvenire secondo le seguenti modalit\u00e0:<\/p>\n<ul>\n<li>ritiro diretto presso l\u2019Ufficio consolare;<\/li>\n<li>invio per posta, con spese di spedizione a carico del richiedente.<\/li>\n<\/ul>\n<p><strong>Si ricorda che trascorso il periodo massimo di un anno di giacenza presso l\u2019Ufficio consolare, a decorrere dalla data in cui le Autorit\u00e0 locali restituiscono i passaporti rubati o smarriti, senza che i documenti siano stati reclamati dai legittimi proprietari, si proceder\u00e0 alla loro distruzione senza ulteriori comunicazioni.<\/strong><\/p>\n<ol start=\"6\">\n<li><strong> www.viaggiaresicuri.it<\/strong><br \/>\nSul sito web <a href=\"http:\/\/www.viaggiaresicuri.it\/paesi\/dettaglio\/ungheria.html\">http:\/\/www.viaggiaresicuri.it\/paesi\/dettaglio\/ungheria.html\u00a0<\/a>sono disponibili oltre ad una serie di informazioni aggiornate, tutte le indicazioni circa il documento di riconoscimento richiesto per l\u2019ingresso.<\/li>\n<\/ol>\n<p>&nbsp;<\/p>\n<p><strong><u>CARTA D\u2019IDENTIT\u00c0 ELETTRONICA<\/u><\/strong><\/p>\n<p>Dal 1\u00b0 dicembre 2020, \u00e8 possibile prenotarsi per richiedere presso la Cancelleria Consolare dell\u2019Ambasciata la nuova Carta d&#8217;identit\u00e0 elettronica (CIE). La CIE \u00e8 un documento personale che attesta l\u2019identit\u00e0 del cittadino, \u00e8 realizzata in materiale plastico e ha le dimensioni di una carta di credito. \u00c8 dotata di sofisticati elementi di sicurezza e anticontraffazione. Oltre all\u2019impiego ai fini dell\u2019identificazione, pu\u00f2 essere utilizzata per richiedere un&#8217;identit\u00e0 digitale sul sistema SPID (Sistema Pubblico di Identit\u00e0 Digitale) al fine di garantire l\u2019accesso ai servizi erogati dalle Pubbliche Amministrazioni. La CIE \u00e8 un documento di viaggio valido in tutti i Paesi appartenenti all\u2019Unione Europea e in quelli con cui lo Stato Italiano ha firmato specifici accordi.<\/p>\n<p>VANTAGGI:<\/p>\n<p>&#8211; l\u2019operatore consolare avr\u00e0 cura di effettuare tutta la fase istruttoria in tempo utile per l\u2019appuntamento con il connazionale, onde evitare di dover tornare pi\u00f9 volte allo sportello;<\/p>\n<p>&#8211; emissione della CIE centralizzata in Italia presso l\u2019Istituto Poligrafico e Zecca dello Stato e spedizione da parte di quest&#8217;ultima direttamente presso l\u2019abitazione del richiedente.<\/p>\n<p>REQUISITI:<\/p>\n<p>&#8211; obbligo di possesso del codice fiscale validato dall&#8217;Agenzia delle Entrate;<\/p>\n<p>&#8211; cittadinanza italiana;<\/p>\n<p>&#8211; per i richiedenti nati all&#8217;estero: l&#8217;atto di nascita deve gi\u00e0 essere stato trascritto presso il Comune italiano;<\/p>\n<p>&#8211; iscrizione all&#8217;AIRE di Budapest.<\/p>\n<p><strong>N.B.: <\/strong>a partire da <strong><u>agosto 2026<\/u><\/strong>, in ottemperanza al Regolamento (UE) 2019\/1157, tutte le <strong>carte d\u2019identit\u00e0 cartacee cesseranno di essere valide<\/strong> indipendentemente dalla scadenza riportata sul documento. Si invita pertanto l\u2019utenza a prenotare per tempo il rilascio della nuova carta d\u2019identit\u00e0 elettronica sul portale <a href=\"https:\/\/prenotami.esteri.it\/\">Prenot@mi<\/a>.<\/p>\n<p>&nbsp;<\/p>\n<p><strong>PRENOTAZIONE DELL&#8217;APPUNTAMENTO:<\/strong><\/p>\n<p>L\u2019appuntamento deve essere preso tramite il portale <a href=\"https:\/\/prenotami.esteri.it\/\">Prenot@mi<\/a>.<\/p>\n<p>&nbsp;<\/p>\n<p><strong>MODALIT\u00c0 DI RICHIESTA E DOCUMENTAZIONE NECESSARIA<\/strong><\/p>\n<p>Contestualmente alla prenotazione dell&#8217;appuntamento\u00a0 pu\u00f2 essere inviato via e-mail (<a href=\"mailto:consolare.budapest@esteri.it\">consolare.budapest@esteri.it<\/a>) il <a href=\"https:\/\/ambbudapest.esteri.it\/wp-content\/uploads\/2023\/11\/79632_f_amb61modello_budapest_richiesta_di_emissione_della_cart-1.pdf\">formulario di richiesta della carta d\u2019identit\u00e0<\/a>, debitamente compilato e firmato, onde permettere alla Cancelleria Consolare di effettuare in tempo utile i controlli con i Comuni competenti.<\/p>\n<p>Documentazione da presentare:<\/p>\n<ul>\n<li><a href=\"https:\/\/ambbudapest.esteri.it\/wp-content\/uploads\/2023\/11\/79632_f_amb61modello_budapest_richiesta_di_emissione_della_cart-1.pdf\">formulario di richiesta della carta d\u2019identit\u00e0<\/a>, debitamente compilato e sottoscritto dall&#8217;interessato;<\/li>\n<li>esibizione di un documento di riconoscimento ai sensi del D.P.R. 445\/2000;<\/li>\n<li>1 fototessera a colori, che riproduca il soggetto a mezzo busto e a capo scoperto, non di profilo e con gli occhi ben visibili;<\/li>\n<li>nel caso in cui il richiedente sia un minore di 18 anni, <a href=\"https:\/\/ambbudapest.esteri.it\/wp-content\/uploads\/2023\/11\/MODELLO_BUDAPEST__Richiesta_di_emissione_della_car-x-minori.pdf\">atto di assenso di entrambi genitori<\/a>;<\/li>\n<li>precedente carta d&#8217;identit\u00e0 (laddove non rubata o smarrita), che deve necessariamente essere ritirata e annullata dalla Cancelleria Consolare. Nelle more del rilascio della CIE verr\u00e0 fornito al richiedente un certificato provvisorio, non valido per l&#8217;espatrio, ma solo per l&#8217;identificazione.\u00a0Si fa presente che sulle tempistiche e modalit\u00e0 di consegna della CIE, l&#8217;Ambasciata non ha alcune possibilit\u00e0 d&#8217;intervento.<\/li>\n<\/ul>\n<p>Si informano i connazionali genitori di figli minori, che a partire dal 14 giugno 2023 non sar\u00e0 pi\u00f9 necessario presentare l\u2019atto di assenso dell\u2019altro genitore ai fini del rilascio del proprio documento d\u2019identit\u00e0 (passaporto e CIE), ai sensi del D.L. 69\/2023.<\/p>\n<p><strong>COSTO<\/strong><\/p>\n<p>Per il costo del documento si prega di consultare le Tariffe consolari.<\/p>\n<p><strong>RITIRO DELLA CIE<\/strong><\/p>\n<p>La CIE viene emessa in Italia presso l\u2019Istituto Poligrafico e Zecca dello Stato ed \u00e8 successivamente spedita da parte di quest&#8217;ultima direttamente presso l\u2019abitazione del richiedente.<\/p>\n<p><strong>CARTE D&#8217;IDENTIT\u00c0 RUBATE O SMARRITE<\/strong><\/p>\n<p>Per richiedere una CIE a seguito dello smarrimento o del furto della propria carta d&#8217;identit\u00e0 \u00e8 necessario prenotare un appuntamento tramite il portale <a href=\"https:\/\/prenotami.esteri.it\/\">Prenot@mi<\/a>\u00a0ed aggiungere alla documentazione da portare una denuncia di furto o smarrimento del documento sporta presso un ufficio di Polizia.<\/p>\n","protected":false},"excerpt":{"rendered":"PASSAPORTO Il passaporto \u00e8 un documento di viaggio e riconoscimento rilasciato: dalle Questure in Italia; dalle Rappresentanze diplomatico-consolari all&#8217;estero. \u00c8 valido per tutti i Paesi i cui Governi sono riconosciuti dal Governo italiano e, a domanda dell&#8217;interessato, pu\u00f2 essere reso valido per i Paesi i cui Governi non sono riconosciuti mediante l&#8217;indicazione delle localit\u00e0 di [&hellip;]","protected":false},"author":1,"featured_media":0,"parent":47,"menu_order":0,"comment_status":"closed","ping_status":"closed","template":"","meta":{"footnotes":""},"class_list":["post-49","page","type-page","status-publish","hentry"],"_links":{"self":[{"href":"https:\/\/ambbudapest.esteri.it\/it\/wp-json\/wp\/v2\/pages\/49","targetHints":{"allow":["GET"]}}],"collection":[{"href":"https:\/\/ambbudapest.esteri.it\/it\/wp-json\/wp\/v2\/pages"}],"about":[{"href":"https:\/\/ambbudapest.esteri.it\/it\/wp-json\/wp\/v2\/types\/page"}],"author":[{"embeddable":true,"href":"https:\/\/ambbudapest.esteri.it\/it\/wp-json\/wp\/v2\/users\/1"}],"replies":[{"embeddable":true,"href":"https:\/\/ambbudapest.esteri.it\/it\/wp-json\/wp\/v2\/comments?post=49"}],"version-history":[{"count":6,"href":"https:\/\/ambbudapest.esteri.it\/it\/wp-json\/wp\/v2\/pages\/49\/revisions"}],"predecessor-version":[{"id":3852,"href":"https:\/\/ambbudapest.esteri.it\/it\/wp-json\/wp\/v2\/pages\/49\/revisions\/3852"}],"up":[{"embeddable":true,"href":"https:\/\/ambbudapest.esteri.it\/it\/wp-json\/wp\/v2\/pages\/47"}],"wp:attachment":[{"href":"https:\/\/ambbudapest.esteri.it\/it\/wp-json\/wp\/v2\/media?parent=49"}],"curies":[{"name":"wp","href":"https:\/\/api.w.org\/{rel}","templated":true}]}}