{"id":42,"date":"2023-04-11T18:08:31","date_gmt":"2023-04-11T16:08:31","guid":{"rendered":"https:\/\/ambasciatapraga.esteri.it\/?page_id=42"},"modified":"2026-03-10T14:06:07","modified_gmt":"2026-03-10T13:06:07","slug":"la-rete-consolare","status":"publish","type":"page","link":"https:\/\/ambbudapest.esteri.it\/it\/chi-siamo\/la-rete-consolare\/","title":{"rendered":"La Rete Consolare"},"content":{"rendered":"<p><strong>Cancelleria Consolare, Budapest<\/strong><\/p>\n<p><strong>Indirizzo<\/strong><br \/>\nJ\u00e1vor utca 4.<br \/>\n1145 Budapest<br \/>\n<a title=\"Clicca per scaricare la mappa con la posizione della Cancelleria Consolare\" href=\"http:\/\/maps.google.com\/maps?f=q&amp;hl=it&amp;geocode=&amp;time=&amp;date=&amp;ttype=&amp;q=Budapest,%20J%C3%A1vor%20utca%204&amp;sll=47.509432,19.094388&amp;sspn=0.00687,0.014591&amp;ie=UTF8&amp;ll=47.509983,19.094646&amp;spn=0.00687,0.014591&amp;z=16&amp;iwloc=addr&amp;om=0\">Visualizza la mappa in Google Maps<\/a><\/p>\n<p><strong>Telefono\u00a0<\/strong>36.1.4606.200<\/p>\n<p><strong>E-mail:<\/strong>\u00a0<a href=\"mailto:consolare.ambbudapest@esteri.it\">consolare.budapest@esteri.it<\/a><\/p>\n<p><strong>Orari di apertura al pubblico:<br \/>\n<\/strong>Lun \u2013 Mar &#8211; Gio &#8211; Ven: 09.00\u201312.00<br \/>\nLun: 13:30-15:30<br \/>\nMer: chiuso<\/p>\n<p><strong>Consolato Onorario di Ny\u00edregyh\u00e1za<\/strong><\/p>\n<p><strong>Console Onorario<\/strong><br \/>\nDott. Roberto SARCI\u00c0<br \/>\nIndirizzo<br \/>\nSz\u00e9chenyi utca 2. II. em.<br \/>\n4400 Ny\u00edregyh\u00e1za<br \/>\n<strong><a title=\"Clicca per scaricare la mappa con la posizione del Consolato Onorario\" href=\"http:\/\/maps.google.com\/maps?f=q&amp;hl=it&amp;geocode=&amp;time=&amp;date=&amp;ttype=&amp;q=Ny%C3%ADregyh%C3%A1za,%20Sz%C3%A9chenyi%20utca%202&amp;sll=46.252954,20.140386&amp;sspn=0.004125,0.005322&amp;ie=UTF8&amp;ll=47.953921,21.71452&amp;spn=0.013624,0.029182&amp;z=15&amp;iwloc=addr&amp;om=0\">Visualizza la mappa in Google Maps<\/a><br \/>\nTelefono:<\/strong> 36.30.9429553<br \/>\n<strong>E-mail:\u00a0<a href=\"mailto:nyiregyhaza.onorario@esteri.it\">nyiregyhaza.onorario@esteri.it<\/a><\/strong><\/p>\n<p><a href=\"https:\/\/ambbudapest.esteri.it\/wp-content\/uploads\/2025\/11\/Console-Sarcia-Decreteo-Limitazioni-Funzioni.pdf\">DECRETO LIMITAZIONE FUNZIONI<\/a><\/p>\n<p><strong>Vice Consolato Onorario di P\u00e9cs<\/strong><\/p>\n<p><strong>Vice Console Onorario<\/strong><br \/>\nDott.ssa Rita H\u00c1HN-WITTENBERGER<br \/>\n<strong>Indirizzo<\/strong><br \/>\nDr. Majorossy Imre utca 3.<br \/>\n7621 P\u00e9cs<br \/>\n<a title=\"Clicca per scaricare la mappa da Google con la posizione del vice consolato\" href=\"https:\/\/www.google.hu\/maps\/place\/P%C3%A9cs,+Majorossy+Imre+u.+3,+7621\/@46.0777007,18.232821,17z\/data=!4m13!1m7!3m6!1s0x4742b10a75ec240f:0xc06ec718efdd14c6!2sP%C3%A9cs,+Majorossy+Imre+u.+3,+7621!3b1!8m2!3d46.077697!4d18.2350097!3m4!1s0x4742b10a75ec240f:0xc06ec718efdd14c6!8m2!3d46.077697!4d18.2350097\"><strong>Visualizza la mappa in Google Maps<\/strong><\/a><br \/>\n<strong>Telefono:<\/strong>\u00a036.30.2531.302<br \/>\n<strong>Fax:<\/strong>\u00a036.72.786.732<br \/>\n<strong>E-mail:<a href=\"mailto:pecs.onorario@esteri.it\">pecs.onorario@esteri.it<\/a><\/strong><\/p>\n<p><a href=\"https:\/\/ambbudapest.esteri.it\/wp-content\/uploads\/2025\/11\/Console-Wittemberger-Decreteo-Limitazioni-Funzioni.pdf\">DECRETO LIMITAZIONE FUNZIONI<\/a><\/p>\n","protected":false},"excerpt":{"rendered":"Cancelleria Consolare, Budapest Indirizzo J\u00e1vor utca 4. 1145 Budapest Visualizza la mappa in Google Maps Telefono\u00a036.1.4606.200 E-mail:\u00a0consolare.budapest@esteri.it Orari di apertura al pubblico: Lun \u2013 Mar &#8211; Gio &#8211; Ven: 09.00\u201312.00 Lun: 13:30-15:30 Mer: chiuso Consolato Onorario di Ny\u00edregyh\u00e1za Console Onorario Dott. Roberto SARCI\u00c0 Indirizzo Sz\u00e9chenyi utca 2. II. em. 4400 Ny\u00edregyh\u00e1za Visualizza la mappa in [&hellip;]","protected":false},"author":1,"featured_media":0,"parent":13,"menu_order":8,"comment_status":"closed","ping_status":"closed","template":"","meta":{"footnotes":""},"class_list":["post-42","page","type-page","status-publish","hentry"],"_links":{"self":[{"href":"https:\/\/ambbudapest.esteri.it\/it\/wp-json\/wp\/v2\/pages\/42","targetHints":{"allow":["GET"]}}],"collection":[{"href":"https:\/\/ambbudapest.esteri.it\/it\/wp-json\/wp\/v2\/pages"}],"about":[{"href":"https:\/\/ambbudapest.esteri.it\/it\/wp-json\/wp\/v2\/types\/page"}],"author":[{"embeddable":true,"href":"https:\/\/ambbudapest.esteri.it\/it\/wp-json\/wp\/v2\/users\/1"}],"replies":[{"embeddable":true,"href":"https:\/\/ambbudapest.esteri.it\/it\/wp-json\/wp\/v2\/comments?post=42"}],"version-history":[{"count":6,"href":"https:\/\/ambbudapest.esteri.it\/it\/wp-json\/wp\/v2\/pages\/42\/revisions"}],"predecessor-version":[{"id":4276,"href":"https:\/\/ambbudapest.esteri.it\/it\/wp-json\/wp\/v2\/pages\/42\/revisions\/4276"}],"up":[{"embeddable":true,"href":"https:\/\/ambbudapest.esteri.it\/it\/wp-json\/wp\/v2\/pages\/13"}],"wp:attachment":[{"href":"https:\/\/ambbudapest.esteri.it\/it\/wp-json\/wp\/v2\/media?parent=42"}],"curies":[{"name":"wp","href":"https:\/\/api.w.org\/{rel}","templated":true}]}}