{"id":39,"date":"2023-04-11T17:55:33","date_gmt":"2023-04-11T15:55:33","guid":{"rendered":"https:\/\/ambasciatapraga.esteri.it\/?page_id=39"},"modified":"2023-10-16T16:57:18","modified_gmt":"2023-10-16T14:57:18","slug":"la-sede","status":"publish","type":"page","link":"https:\/\/ambbudapest.esteri.it\/it\/chi-siamo\/la-sede\/","title":{"rendered":"La Sede"},"content":{"rendered":"<p>L\u2019Ambasciata d\u2019Italia in Ungheria ha sede a Budapest e dispone di una struttura, situata nel quartiere Zugl\u00f3 a Pest, che riunisce gli edifici destinati a Cancelleria Diplomatica e Consolare. L\u2019ottima posizione della Sede, che sorge ai margini del cuore della Capitale ungherese, garantisce all\u2019Ambasciata ed al suo personale il vantaggio di operare in un prestigioso contesto ambientale, da cui sono peraltro agevoli i contatti con le Istituzioni che si trovano in centro.<br \/>\nGli edifici, di propriet\u00e0 della Stato italiano dal 1990, si affacciano su Stef\u00e1nia \u00fat, un viale alberato che si snoda fra due delle principali arterie del quartiere, Th\u00f6k\u00f6ly \u00fat e Hung\u00e1ria k\u00f6r\u00fat, e collega il parco cittadino agli impianti olimpici. Lo stesso isolato ospita le Ambasciate di Libia, Svizzera e Iran, mentre poco distante sorge il Museo Nazionale di Geologia. Qualche minuto di cammino separa, inoltre, Stef\u00e1nia \u00fat dallo scenografico Piazzale degli Eroi.<br \/>\nAmbasciata e Cancelleria Consolare occupano due edifici adiacenti realizzati nel 1907 in base ai disegni dell\u2019architetto Gyula P\u00e1rtos, su incarico della famiglia Haggenmacher. La costruzione principale, sede della Cancelleria, occupa circa 1000 m<sup>2<\/sup>\u00a0sviluppati su quattro livelli e originariamente destinati ad ospitare due appartamenti separati fra loro, ma collegabili, per due famiglie in stretti rapporti di parentela. La richiesta rivolta dal primo proprietario, \u00c1rp\u00e1d Haggenmacher, a P\u00e1rtos era quella di dare espressione ad una contenuta agiatezza, evitando qualsiasi sfarzo ed indirizzando la massima cura alla comodit\u00e0 delle singole parti della casa. Gli Haggenmacher, facoltosa famiglia di origine svizzera, si erano stabiliti in Ungheria nel 1850 avviando fortunate attivit\u00e0 imprenditoriali, i cui proventi avevano consentito al padre di \u00c1rp\u00e1d di acquistare un intero complesso di immobili sulla storica via Andr\u00e1ssy.<br \/>\nL\u2019edificio che ospita l\u2019Ambasciata ha subito i necessari ammodernamenti per essere adibito a sede degli Uffici di Rappresentanza, ma conserva inalterato lo stile impressogli al momento della progettazione. Negli interni, di pregevole fattura sono il soffitto decorato del primo piano, la balaustrata in ferro battuto e le vetrate colorate a mezzaluna del famoso artista ungherese Miksa R\u00f3th.<br \/>\nIl terreno di costruzione ha due accessi: quello anteriore \u00e8 su viale Stef\u00e1nia ed \u00e8 tutt\u2019ora circondato da un giardino con piante ornamentali, mentre quello posteriore si affaccia su via J\u00e1vor, a mezzo di un cortile che ospita un edificio di dimensioni inferiori e che ospita oggi gli Uffici della Cancelleria Consolare e gli appartamenti del personale di sorveglianza dell\u2019Arma dei Carabinieri.<br \/>\nDai fogli catastali risulta che le due costruzioni furono requisite dallo Stato ungherese nel 1952 per essere affidate, nel 1975, alla DTEI (Diplom\u00e1ciai Test\u00fcletet Ell\u00e1t\u00f3 Igazgat\u00f3s\u00e1g \u2013 Direzione per i Servizi del Corpo Diplomatico) in qualit\u00e0 di amministratore. L\u2019Ambasciata d\u2019Italia \u00e8 registrata come proprietario dal 28 novembre 1990, mentre in precedenza aveva in affitto l\u2019immobile.<\/p>\n","protected":false},"excerpt":{"rendered":"L\u2019Ambasciata d\u2019Italia in Ungheria ha sede a Budapest e dispone di una struttura, situata nel quartiere Zugl\u00f3 a Pest, che riunisce gli edifici destinati a Cancelleria Diplomatica e Consolare. L\u2019ottima posizione della Sede, che sorge ai margini del cuore della Capitale ungherese, garantisce all\u2019Ambasciata ed al suo personale il vantaggio di operare in un prestigioso [&hellip;]","protected":false},"author":1,"featured_media":0,"parent":13,"menu_order":2,"comment_status":"closed","ping_status":"closed","template":"","meta":{"footnotes":""},"class_list":["post-39","page","type-page","status-publish","hentry"],"_links":{"self":[{"href":"https:\/\/ambbudapest.esteri.it\/it\/wp-json\/wp\/v2\/pages\/39","targetHints":{"allow":["GET"]}}],"collection":[{"href":"https:\/\/ambbudapest.esteri.it\/it\/wp-json\/wp\/v2\/pages"}],"about":[{"href":"https:\/\/ambbudapest.esteri.it\/it\/wp-json\/wp\/v2\/types\/page"}],"author":[{"embeddable":true,"href":"https:\/\/ambbudapest.esteri.it\/it\/wp-json\/wp\/v2\/users\/1"}],"replies":[{"embeddable":true,"href":"https:\/\/ambbudapest.esteri.it\/it\/wp-json\/wp\/v2\/comments?post=39"}],"version-history":[{"count":4,"href":"https:\/\/ambbudapest.esteri.it\/it\/wp-json\/wp\/v2\/pages\/39\/revisions"}],"predecessor-version":[{"id":251,"href":"https:\/\/ambbudapest.esteri.it\/it\/wp-json\/wp\/v2\/pages\/39\/revisions\/251"}],"up":[{"embeddable":true,"href":"https:\/\/ambbudapest.esteri.it\/it\/wp-json\/wp\/v2\/pages\/13"}],"wp:attachment":[{"href":"https:\/\/ambbudapest.esteri.it\/it\/wp-json\/wp\/v2\/media?parent=39"}],"curies":[{"name":"wp","href":"https:\/\/api.w.org\/{rel}","templated":true}]}}