{"id":101,"date":"2023-04-11T18:24:57","date_gmt":"2023-04-11T16:24:57","guid":{"rendered":"https:\/\/ambasciatapraga.esteri.it\/?page_id=101"},"modified":"2025-11-05T13:22:50","modified_gmt":"2025-11-05T12:22:50","slug":"lingua-e-cultura-italiana","status":"publish","type":"page","link":"https:\/\/ambbudapest.esteri.it\/it\/italia-e-ungheria\/diplomazia-culturale\/lingua-e-cultura-italiana\/","title":{"rendered":"Lingua e Cultura italiana"},"content":{"rendered":"<p>L\u2019interesse per l\u2019Italiano nel mondo \u00e8 crescente: \u00e8 stabilmente una delle lingue straniere pi\u00f9 studiate al mondo. Perch\u00e9, quindi, studiare l\u2019Italiano?<\/p>\n<p><strong>L\u2019Italiano \u00e8 una lingua di cultura<\/strong><\/p>\n<p>Conoscerlo significa avere accesso a un patrimonio artistico e letterario di fondamentale importanza per la storia d\u2019Europa, a testi umanistici e scientifici di valore, alla produzione teatrale, musicale, operistica, cinematografica e televisiva italiana, alle creazioni della contemporaneit\u00e0.<\/p>\n<p><strong>L\u2019Italiano \u00e8 una lingua di studio<\/strong><\/p>\n<p>Sono molti gli studenti che ogni anno decidono di frequentare le nostre Scuole, le nostre Universit\u00e0, le nostre Accademie, le nostre Biblioteche. Un numero sempre pi\u00f9 alto di giovani studenti e brillanti ricercatori da tutto il mondo sceglie le nostre strutture d\u2019eccellenza e crea legami tra l\u2019Italia e il proprio Paese d\u2019origine.<\/p>\n<p><strong>L\u2019Italiano \u00e8 una lingua di lavoro<\/strong><\/p>\n<p>Imprenditori, uomini d\u2019affari, investitori, professionisti e lavoratori di ogni campo entrano in contatto con l\u2019Italia dell\u2019industria, dell\u2019artigianato e dei servizi.<\/p>\n","protected":false},"excerpt":{"rendered":"L\u2019interesse per l\u2019Italiano nel mondo \u00e8 crescente: \u00e8 stabilmente una delle lingue straniere pi\u00f9 studiate al mondo. Perch\u00e9, quindi, studiare l\u2019Italiano? L\u2019Italiano \u00e8 una lingua di cultura Conoscerlo significa avere accesso a un patrimonio artistico e letterario di fondamentale importanza per la storia d\u2019Europa, a testi umanistici e scientifici di valore, alla produzione teatrale, musicale, [&hellip;]","protected":false},"author":1,"featured_media":0,"parent":44,"menu_order":0,"comment_status":"closed","ping_status":"closed","template":"","meta":{"footnotes":""},"class_list":["post-101","page","type-page","status-publish","hentry"],"_links":{"self":[{"href":"https:\/\/ambbudapest.esteri.it\/it\/wp-json\/wp\/v2\/pages\/101","targetHints":{"allow":["GET"]}}],"collection":[{"href":"https:\/\/ambbudapest.esteri.it\/it\/wp-json\/wp\/v2\/pages"}],"about":[{"href":"https:\/\/ambbudapest.esteri.it\/it\/wp-json\/wp\/v2\/types\/page"}],"author":[{"embeddable":true,"href":"https:\/\/ambbudapest.esteri.it\/it\/wp-json\/wp\/v2\/users\/1"}],"replies":[{"embeddable":true,"href":"https:\/\/ambbudapest.esteri.it\/it\/wp-json\/wp\/v2\/comments?post=101"}],"version-history":[{"count":2,"href":"https:\/\/ambbudapest.esteri.it\/it\/wp-json\/wp\/v2\/pages\/101\/revisions"}],"predecessor-version":[{"id":3688,"href":"https:\/\/ambbudapest.esteri.it\/it\/wp-json\/wp\/v2\/pages\/101\/revisions\/3688"}],"up":[{"embeddable":true,"href":"https:\/\/ambbudapest.esteri.it\/it\/wp-json\/wp\/v2\/pages\/44"}],"wp:attachment":[{"href":"https:\/\/ambbudapest.esteri.it\/it\/wp-json\/wp\/v2\/media?parent=101"}],"curies":[{"name":"wp","href":"https:\/\/api.w.org\/{rel}","templated":true}]}}