{"id":871,"date":"2023-09-25T15:28:57","date_gmt":"2023-09-25T13:28:57","guid":{"rendered":"https:\/\/ambbudapest.esteri.it\/?page_id=871"},"modified":"2023-11-21T09:14:30","modified_gmt":"2023-11-21T08:14:30","slug":"palyazati-kiirasok-es-szerzodesek","status":"publish","type":"page","link":"https:\/\/ambbudapest.esteri.it\/hu\/amministrazione-trasparente\/palyazati-kiirasok-es-szerzodesek\/","title":{"rendered":"P\u00e1ly\u00e1zati ki\u00edr\u00e1sok \u00e9s szerz\u0151d\u00e9sek"},"content":{"rendered":"<p style=\"text-align: center;\"><strong>EXPLORATORY NOTICE <\/strong><\/p>\n<p style=\"text-align: center;\"><strong>&#8222;RESTORATION, CONSERVATIVE RECOVERY AND REFURBISHMENT OF THE EQUIPMENTS OF THE EMBASSY OF ITALY IN BUDAPEST&#8221;<\/strong><\/p>\n<p>&nbsp;<\/p>\n<p>EXPLORATORY NOTICE FOR THE ACQUISITION OF EXPRESSION OF INTEREST IN PARTICIPATING TO THE NEGOTIATED PROCEDURE FOR THE ASSIGNMENT OF THE WORKS OF &#8222;RESTORATION, CONSERVATIVE RECOVERY AND REFURBISHMENT OF THE EQUIPMENTS OF THE EMBASSY OF ITALY IN BUDAPEST&#8221;.<\/p>\n<p><a href=\"https:\/\/ambbudapest.esteri.it\/wp-content\/uploads\/2023\/11\/lavori_2_-_exploratory_notice_vers._def.va_-_22_marzo_2019.docx\">EXPLORATORY NOTICE<\/a><\/p>\n<p><a href=\"https:\/\/ambbudapest.esteri.it\/wp-content\/uploads\/2023\/11\/expression_of_interest_form.docx\">EXPRESSION OF INTEREST FORM<\/a><\/p>\n","protected":false},"excerpt":{"rendered":"EXPLORATORY NOTICE &#8222;RESTORATION, CONSERVATIVE RECOVERY AND REFURBISHMENT OF THE EQUIPMENTS OF THE EMBASSY OF ITALY IN BUDAPEST&#8221; &nbsp; EXPLORATORY NOTICE FOR THE ACQUISITION OF EXPRESSION OF INTEREST IN PARTICIPATING TO THE NEGOTIATED PROCEDURE FOR THE ASSIGNMENT OF THE WORKS OF &#8222;RESTORATION, CONSERVATIVE RECOVERY AND REFURBISHMENT OF THE EQUIPMENTS OF THE EMBASSY OF ITALY IN BUDAPEST&#8221;. [&hellip;]","protected":false},"author":4,"featured_media":0,"parent":208,"menu_order":6,"comment_status":"closed","ping_status":"closed","template":"","meta":{"footnotes":""},"class_list":["post-871","page","type-page","status-publish","hentry"],"_links":{"self":[{"href":"https:\/\/ambbudapest.esteri.it\/hu\/wp-json\/wp\/v2\/pages\/871","targetHints":{"allow":["GET"]}}],"collection":[{"href":"https:\/\/ambbudapest.esteri.it\/hu\/wp-json\/wp\/v2\/pages"}],"about":[{"href":"https:\/\/ambbudapest.esteri.it\/hu\/wp-json\/wp\/v2\/types\/page"}],"author":[{"embeddable":true,"href":"https:\/\/ambbudapest.esteri.it\/hu\/wp-json\/wp\/v2\/users\/4"}],"replies":[{"embeddable":true,"href":"https:\/\/ambbudapest.esteri.it\/hu\/wp-json\/wp\/v2\/comments?post=871"}],"version-history":[{"count":2,"href":"https:\/\/ambbudapest.esteri.it\/hu\/wp-json\/wp\/v2\/pages\/871\/revisions"}],"predecessor-version":[{"id":879,"href":"https:\/\/ambbudapest.esteri.it\/hu\/wp-json\/wp\/v2\/pages\/871\/revisions\/879"}],"up":[{"embeddable":true,"href":"https:\/\/ambbudapest.esteri.it\/hu\/wp-json\/wp\/v2\/pages\/208"}],"wp:attachment":[{"href":"https:\/\/ambbudapest.esteri.it\/hu\/wp-json\/wp\/v2\/media?parent=871"}],"curies":[{"name":"wp","href":"https:\/\/api.w.org\/{rel}","templated":true}]}}