{"id":820,"date":"2023-11-20T14:22:22","date_gmt":"2023-11-20T13:22:22","guid":{"rendered":"https:\/\/ambbudapest.esteri.it\/?page_id=820"},"modified":"2024-03-29T13:56:59","modified_gmt":"2024-03-29T12:56:59","slug":"notai","status":"publish","type":"page","link":"https:\/\/ambbudapest.esteri.it\/hu\/servizi-consolari-e-visti\/servizi-per-il-cittadino-italiano\/notai\/","title":{"rendered":"Notai"},"content":{"rendered":"<p>I connazionali che dovessero trovarsi nella necessit\u00e0 di rivolgersi ad un notaio in Ungheria che rediga atti in italiano o in inglese, possono fare riferimento alla\u00a0<a href=\"https:\/\/ambbudapest.esteri.it\/wp-content\/uploads\/2024\/03\/Lista-Notai.pdf\">lista degli uffici notarili<\/a>\u00a0di cui l\u2019Ambasciata \u00e8 a conoscenza. L&#8217;Ambasciata non \u00e8 responsabile del loro operato, n\u00e9 degli onorari richiesti.<\/p>\n","protected":false},"excerpt":{"rendered":"I connazionali che dovessero trovarsi nella necessit\u00e0 di rivolgersi ad un notaio in Ungheria che rediga atti in italiano o in inglese, possono fare riferimento alla\u00a0lista degli uffici notarili\u00a0di cui l\u2019Ambasciata \u00e8 a conoscenza. L&#8217;Ambasciata non \u00e8 responsabile del loro operato, n\u00e9 degli onorari richiesti.","protected":false},"author":4,"featured_media":0,"parent":190,"menu_order":0,"comment_status":"closed","ping_status":"closed","template":"","meta":{"footnotes":""},"class_list":["post-820","page","type-page","status-publish","hentry"],"_links":{"self":[{"href":"https:\/\/ambbudapest.esteri.it\/hu\/wp-json\/wp\/v2\/pages\/820","targetHints":{"allow":["GET"]}}],"collection":[{"href":"https:\/\/ambbudapest.esteri.it\/hu\/wp-json\/wp\/v2\/pages"}],"about":[{"href":"https:\/\/ambbudapest.esteri.it\/hu\/wp-json\/wp\/v2\/types\/page"}],"author":[{"embeddable":true,"href":"https:\/\/ambbudapest.esteri.it\/hu\/wp-json\/wp\/v2\/users\/4"}],"replies":[{"embeddable":true,"href":"https:\/\/ambbudapest.esteri.it\/hu\/wp-json\/wp\/v2\/comments?post=820"}],"version-history":[{"count":2,"href":"https:\/\/ambbudapest.esteri.it\/hu\/wp-json\/wp\/v2\/pages\/820\/revisions"}],"predecessor-version":[{"id":2191,"href":"https:\/\/ambbudapest.esteri.it\/hu\/wp-json\/wp\/v2\/pages\/820\/revisions\/2191"}],"up":[{"embeddable":true,"href":"https:\/\/ambbudapest.esteri.it\/hu\/wp-json\/wp\/v2\/pages\/190"}],"wp:attachment":[{"href":"https:\/\/ambbudapest.esteri.it\/hu\/wp-json\/wp\/v2\/media?parent=820"}],"curies":[{"name":"wp","href":"https:\/\/api.w.org\/{rel}","templated":true}]}}