{"id":797,"date":"2023-11-20T14:18:54","date_gmt":"2023-11-20T13:18:54","guid":{"rendered":"https:\/\/ambbudapest.esteri.it\/?page_id=797"},"modified":"2025-08-08T10:59:10","modified_gmt":"2025-08-08T08:59:10","slug":"studi-legali","status":"publish","type":"page","link":"https:\/\/ambbudapest.esteri.it\/hu\/servizi-consolari-e-visti\/servizi-per-il-cittadino-italiano\/studi-legali\/","title":{"rendered":"\u00dcgyv\u00e9di irod\u00e1k"},"content":{"rendered":"<p>I connazionali che dovessero trovarsi nella necessit\u00e0 di rivolgersi ad uno studio legale in Ungheria possono contattare direttamente l&#8217;Ordine degli Avvocati ungheresi, filtrando la ricerca in maniera da evidenziare gli studi che interloquiscono in lingua italiana, seguendo la procedura di seguito indicata. L&#8217;Ambasciata non \u00e8 responsabile del loro operato, n\u00e9 degli onorari richiesti.<\/p>\n<p>Istruzioni per la ricerca nella banca dati dell\u2019Ordine degli avvocati:<br \/>\n\u2022 entrare nel motore di ricerca:\u00a0<a href=\"http:\/\/www.magyarugyvedikamara.hu\/html\/nyilvanos-kereso\">http:\/\/www.magyarugyvedikamara.hu\/html\/nyilvanos-kereso<\/a>.<br \/>\n\u2022 Cliccare su \u201cTov\u00e1bb\u201d in basso a destra<br \/>\n\u2022 Cliccare su \u201c\u00dcgyv\u00e9d\u201d (la prima in alto a sinistra delle varie caselline che compaiono)<br \/>\n\u2022 Compare una griglia e nel penultimo spazio dal basso (\u201cNyelvtud\u00e1s\u201d = conoscenza linguistica) bisogna digitare la parola \u201colasz\u201d.<\/p>\n<p>Si allega per comodit\u00e0 una lista degli\u00a0<a href=\"https:\/\/ambbudapest.esteri.it\/wp-content\/uploads\/2025\/08\/2025_studi_legali_lingua_italiana.xlsx\">studi legali di lingua italiana operanti in Ungheria<\/a>\u00a0estrapolata dalla banca dati dell&#8217;Ordine degli Avvocati.<\/p>\n<p>&nbsp;<\/p>\n<p>I connazionali che dovessero trovarsi nella necessit\u00e0 di rivolgersi ad un notaio in Ungheria che rediga atti in italiano o in inglese, possono fare riferimento alla\u00a0<a href=\"https:\/\/ambbudapest.esteri.it\/wp-content\/uploads\/2023\/11\/lista_notai.pdf\">lista degli uffici notarili<\/a>\u00a0di cui l\u2019Ambasciata \u00e8 a conoscenza. L\u2019Ambasciata non \u00e8 responsabile del loro operato, n\u00e9 degli onorari richiesti.<\/p>\n","protected":false},"excerpt":{"rendered":"I connazionali che dovessero trovarsi nella necessit\u00e0 di rivolgersi ad uno studio legale in Ungheria possono contattare direttamente l&#8217;Ordine degli Avvocati ungheresi, filtrando la ricerca in maniera da evidenziare gli studi che interloquiscono in lingua italiana, seguendo la procedura di seguito indicata. L&#8217;Ambasciata non \u00e8 responsabile del loro operato, n\u00e9 degli onorari richiesti. Istruzioni per [&hellip;]","protected":false},"author":4,"featured_media":0,"parent":190,"menu_order":0,"comment_status":"closed","ping_status":"closed","template":"","meta":{"footnotes":""},"class_list":["post-797","page","type-page","status-publish","hentry"],"_links":{"self":[{"href":"https:\/\/ambbudapest.esteri.it\/hu\/wp-json\/wp\/v2\/pages\/797","targetHints":{"allow":["GET"]}}],"collection":[{"href":"https:\/\/ambbudapest.esteri.it\/hu\/wp-json\/wp\/v2\/pages"}],"about":[{"href":"https:\/\/ambbudapest.esteri.it\/hu\/wp-json\/wp\/v2\/types\/page"}],"author":[{"embeddable":true,"href":"https:\/\/ambbudapest.esteri.it\/hu\/wp-json\/wp\/v2\/users\/4"}],"replies":[{"embeddable":true,"href":"https:\/\/ambbudapest.esteri.it\/hu\/wp-json\/wp\/v2\/comments?post=797"}],"version-history":[{"count":5,"href":"https:\/\/ambbudapest.esteri.it\/hu\/wp-json\/wp\/v2\/pages\/797\/revisions"}],"predecessor-version":[{"id":3210,"href":"https:\/\/ambbudapest.esteri.it\/hu\/wp-json\/wp\/v2\/pages\/797\/revisions\/3210"}],"up":[{"embeddable":true,"href":"https:\/\/ambbudapest.esteri.it\/hu\/wp-json\/wp\/v2\/pages\/190"}],"wp:attachment":[{"href":"https:\/\/ambbudapest.esteri.it\/hu\/wp-json\/wp\/v2\/media?parent=797"}],"curies":[{"name":"wp","href":"https:\/\/api.w.org\/{rel}","templated":true}]}}