{"id":3920,"date":"2026-01-06T11:54:50","date_gmt":"2026-01-06T10:54:50","guid":{"rendered":"https:\/\/ambbudapest.esteri.it\/?page_id=3920"},"modified":"2026-01-06T12:11:26","modified_gmt":"2026-01-06T11:11:26","slug":"a-nagykovetseg-2026-evi-zarva-tartasi-rendje","status":"publish","type":"page","link":"https:\/\/ambbudapest.esteri.it\/hu\/chi-siamo\/contatti\/a-nagykovetseg-2026-evi-zarva-tartasi-rendje\/","title":{"rendered":"A NAGYK\u00d6VETS\u00c9G 2026. \u00c9VI MUNKASZ\u00dcNETI NAPJAI"},"content":{"rendered":"<p><u>Janu\u00e1r 01.<\/u>\u00a0 \u00a0 \u00a0 \u00a0 \u00daJ\u00c9V<\/p>\n<p><u>M\u00e1rcius 15.<\/u>\u00a0 \u00a0 \u00a0 MAGYAR NEMZETI \u00dcNNEP az 1848-as szabads\u00e1gharc eml\u00e9k\u00e9re<\/p>\n<p><u>\u00c1prilis 6,<\/u>\u00a0 \u00a0 \u00a0 \u00a0 \u00a0 H\u00daSV\u00c9TH\u00c9TF\u0150<\/p>\n<p><u>M\u00e1jus 1.<\/u>\u00a0 \u00a0 \u00a0 \u00a0 \u00a0 \u00a0A MUNKA \u00dcNNEPE<\/p>\n<p><u>M\u00e1jus 25.<\/u>\u00a0 \u00a0 \u00a0 \u00a0 P\u00dcNK\u00d6SDH\u00c9TF\u0150<\/p>\n<p><u>J\u00fanius 2. <\/u>\u00a0 \u00a0 \u00a0 \u00a0 AZ OLASZ K\u00d6ZT\u00c1RSAS\u00c1G KIKI\u00c1LT\u00c1S\u00c1NAK \u00dcNNEPE<\/p>\n<p><u>Augusztus 20.<\/u> MAGYAR NEMZETI \u00dcNNEP\u00a0Szent Istv\u00e1n napja<\/p>\n<p><u>Okt\u00f3ber 23.<\/u>\u00a0 \u00a0 MAGYAR NEMZETI \u00dcNNEP az 1956-os forradalom eml\u00e9k\u00e9re<\/p>\n<p><span style=\"text-decoration: underline;\">November 1.<\/span>\u00a0 \u00a0MINDENSZENTEK<\/p>\n<p><u>December 25.<\/u>\u00a0 KAR\u00c1CSONY<\/p>\n<p><u>December 26.<\/u> \u00a0SZENT ISTV\u00c1N<\/p>\n<p>&nbsp;<\/p>\n","protected":false},"excerpt":{"rendered":"Janu\u00e1r 01.\u00a0 \u00a0 \u00a0 \u00a0 \u00daJ\u00c9V M\u00e1rcius 15.\u00a0 \u00a0 \u00a0 MAGYAR NEMZETI \u00dcNNEP az 1848-as szabads\u00e1gharc eml\u00e9k\u00e9re \u00c1prilis 6,\u00a0 \u00a0 \u00a0 \u00a0 \u00a0 H\u00daSV\u00c9TH\u00c9TF\u0150 M\u00e1jus 1.\u00a0 \u00a0 \u00a0 \u00a0 \u00a0 \u00a0A MUNKA \u00dcNNEPE M\u00e1jus 25.\u00a0 \u00a0 \u00a0 \u00a0 P\u00dcNK\u00d6SDH\u00c9TF\u0150 J\u00fanius 2. \u00a0 \u00a0 \u00a0 \u00a0 AZ OLASZ K\u00d6ZT\u00c1RSAS\u00c1G KIKI\u00c1LT\u00c1S\u00c1NAK \u00dcNNEPE Augusztus 20. MAGYAR NEMZETI \u00dcNNEP\u00a0Szent [&hellip;]","protected":false},"author":4,"featured_media":0,"parent":165,"menu_order":0,"comment_status":"closed","ping_status":"closed","template":"","meta":{"footnotes":""},"class_list":["post-3920","page","type-page","status-publish","hentry"],"_links":{"self":[{"href":"https:\/\/ambbudapest.esteri.it\/hu\/wp-json\/wp\/v2\/pages\/3920","targetHints":{"allow":["GET"]}}],"collection":[{"href":"https:\/\/ambbudapest.esteri.it\/hu\/wp-json\/wp\/v2\/pages"}],"about":[{"href":"https:\/\/ambbudapest.esteri.it\/hu\/wp-json\/wp\/v2\/types\/page"}],"author":[{"embeddable":true,"href":"https:\/\/ambbudapest.esteri.it\/hu\/wp-json\/wp\/v2\/users\/4"}],"replies":[{"embeddable":true,"href":"https:\/\/ambbudapest.esteri.it\/hu\/wp-json\/wp\/v2\/comments?post=3920"}],"version-history":[{"count":4,"href":"https:\/\/ambbudapest.esteri.it\/hu\/wp-json\/wp\/v2\/pages\/3920\/revisions"}],"predecessor-version":[{"id":3930,"href":"https:\/\/ambbudapest.esteri.it\/hu\/wp-json\/wp\/v2\/pages\/3920\/revisions\/3930"}],"up":[{"embeddable":true,"href":"https:\/\/ambbudapest.esteri.it\/hu\/wp-json\/wp\/v2\/pages\/165"}],"wp:attachment":[{"href":"https:\/\/ambbudapest.esteri.it\/hu\/wp-json\/wp\/v2\/media?parent=3920"}],"curies":[{"name":"wp","href":"https:\/\/api.w.org\/{rel}","templated":true}]}}