{"id":188,"date":"2023-04-11T18:23:52","date_gmt":"2023-04-11T16:23:52","guid":{"rendered":"https:\/\/ambbudapest.esteri.it\/italia-e-ungheria\/diplomazia-economica\/fare-affari-in-ungheria\/"},"modified":"2024-09-18T13:08:54","modified_gmt":"2024-09-18T11:08:54","slug":"fare-affari-in-ungheria","status":"publish","type":"page","link":"https:\/\/ambbudapest.esteri.it\/hu\/italia-e-ungheria\/diplomazia-economica\/fare-affari-in-ungheria\/","title":{"rendered":"\u00dczleti tev\u00e9kenys\u00e9g elind\u00edt\u00e1sa Magyarorsz\u00e1gon"},"content":{"rendered":"<ul>\n<li><strong><a href=\"https:\/\/www.infomercatiesteri.it\/paese.php?id_paesi=97\">Infomercatiesteri &#8211; Ungheria\u00a0<\/a><\/strong><\/li>\n<\/ul>\n","protected":false},"excerpt":{"rendered":"Infomercatiesteri &#8211; Ungheria\u00a0","protected":false},"author":1,"featured_media":0,"parent":170,"menu_order":0,"comment_status":"closed","ping_status":"closed","template":"","meta":{"footnotes":""},"class_list":["post-188","page","type-page","status-publish","hentry"],"_links":{"self":[{"href":"https:\/\/ambbudapest.esteri.it\/hu\/wp-json\/wp\/v2\/pages\/188","targetHints":{"allow":["GET"]}}],"collection":[{"href":"https:\/\/ambbudapest.esteri.it\/hu\/wp-json\/wp\/v2\/pages"}],"about":[{"href":"https:\/\/ambbudapest.esteri.it\/hu\/wp-json\/wp\/v2\/types\/page"}],"author":[{"embeddable":true,"href":"https:\/\/ambbudapest.esteri.it\/hu\/wp-json\/wp\/v2\/users\/1"}],"replies":[{"embeddable":true,"href":"https:\/\/ambbudapest.esteri.it\/hu\/wp-json\/wp\/v2\/comments?post=188"}],"version-history":[{"count":5,"href":"https:\/\/ambbudapest.esteri.it\/hu\/wp-json\/wp\/v2\/pages\/188\/revisions"}],"predecessor-version":[{"id":2530,"href":"https:\/\/ambbudapest.esteri.it\/hu\/wp-json\/wp\/v2\/pages\/188\/revisions\/2530"}],"up":[{"embeddable":true,"href":"https:\/\/ambbudapest.esteri.it\/hu\/wp-json\/wp\/v2\/pages\/170"}],"wp:attachment":[{"href":"https:\/\/ambbudapest.esteri.it\/hu\/wp-json\/wp\/v2\/media?parent=188"}],"curies":[{"name":"wp","href":"https:\/\/api.w.org\/{rel}","templated":true}]}}