{"id":185,"date":"2023-04-11T18:07:19","date_gmt":"2023-04-11T16:07:19","guid":{"rendered":"https:\/\/ambbudapest.esteri.it\/chi-siamo\/numeri-di-emergenza\/"},"modified":"2026-04-10T11:05:23","modified_gmt":"2026-04-10T09:05:23","slug":"numeri-di-emergenza","status":"publish","type":"page","link":"https:\/\/ambbudapest.esteri.it\/hu\/chi-siamo\/numeri-di-emergenza\/","title":{"rendered":"Seg\u00e9lyh\u00edv\u00f3 sz\u00e1mok"},"content":{"rendered":"<div class=\"row\">\n<div class=\"col-md-17 col-sm-12 col-xs-24 share\">\n<div class=\"moduletable\">\n<div><\/div>\n<\/div>\n<\/div>\n<\/div>\n<div class=\"sr-only\"><strong>Per informazioni generali ed operative sulla sicurezza in Ungheria<\/strong>, consulta il sito dell\u2019Unit\u00e0 di crisi della Farnesina \u201cViaggiare Sicuri\u201d.\u00a0<a href=\"http:\/\/www.viaggiaresicuri.it\/paesi\/dettaglio\/ungheria.html?no_cache=1\">Vai al sito Viaggiare Sicuri<\/a><\/div>\n<div>\n<p><strong>Se programmi un viaggio o risiedi in Ungheria<\/strong>, non dimenticare di registrarti al sito \u201cDove siamo nel Mondo&#8221; per essere rintracciato in caso di emergenza.<a href=\"https:\/\/www.dovesiamonelmondo.it\/home.html\">\u00a0Vai al sito Dove siamo nel Mondo<\/a>.<\/p>\n<div>\n<p><strong>In caso di comprovata emergenza<\/strong>, nei giorni festivi e al di l\u00e0 degli orari d\u2019ufficio potete contattarci al seguente numero:<\/p>\n<p>+36 30 952 3053<\/p>\n<\/div>\n<p>Dal luned\u00ec al gioved\u00ec: 17.00 \u2013 22.00<br \/>\nIl venerd\u00ec: 14.30-22.00<br \/>\nSabato e domenica e nei giorni festivi: 8.00 \u2013 22.00<\/p>\n<p>Per emergenze occorse nelle contee di Csongr\u00e0d, B\u00e0cs-Kiskun e B\u00e9k\u00e9s potete contattare il Console Onorario di Szeged al +36 70 2367251.<\/p>\n<p>Per emergenze occorse nelle contee\u00a0di Szabolcs-Szatmar, Borsod-Abauj-Zemplen ed Hajdu-Bihar potete contattare il Console Onorario di Nyiregyhaza al +36 30 9429553.<\/p>\n<p>Per emergenze occorse nelle contee\u00a0di Baranya, Somogy e Tolna potete contattare il Vice Console Onorario di P\u00e9cs al +36 30 2531302.<\/p>\n<p>Per ragioni di sicurezza, non \u00e8 possibile il rilascio di Emergency Document Travel (ETD) negli orari al di fuori di quelli d\u2019ufficio.<strong>\u00a0Si invitano pertanto i connazionali in transito in Ungheria a prestare particolare attenzione alla custodia dei propri documenti d\u2019identit\u00e0.<\/strong><\/p>\n<p><strong>NUMERI UTILI<\/strong><\/p>\n<p>112-105 Vigili del Fuoco<\/p>\n<p>112-104 Ambulanza<\/p>\n<p>112-107 Polizia<\/p>\n<p>06-1-2400-475 Assistenza medica in inglese H24<\/p>\n<p>06-1-311-4439 Farmacia aperta H24, sita in Ter\u00e9z krt 41.<\/p>\n<\/div>\n","protected":false},"excerpt":{"rendered":"Per informazioni generali ed operative sulla sicurezza in Ungheria, consulta il sito dell\u2019Unit\u00e0 di crisi della Farnesina \u201cViaggiare Sicuri\u201d.\u00a0Vai al sito Viaggiare Sicuri Se programmi un viaggio o risiedi in Ungheria, non dimenticare di registrarti al sito \u201cDove siamo nel Mondo&#8221; per essere rintracciato in caso di emergenza.\u00a0Vai al sito Dove siamo nel Mondo. In [&hellip;]","protected":false},"author":1,"featured_media":0,"parent":162,"menu_order":6,"comment_status":"closed","ping_status":"closed","template":"","meta":{"footnotes":""},"class_list":["post-185","page","type-page","status-publish","hentry"],"_links":{"self":[{"href":"https:\/\/ambbudapest.esteri.it\/hu\/wp-json\/wp\/v2\/pages\/185","targetHints":{"allow":["GET"]}}],"collection":[{"href":"https:\/\/ambbudapest.esteri.it\/hu\/wp-json\/wp\/v2\/pages"}],"about":[{"href":"https:\/\/ambbudapest.esteri.it\/hu\/wp-json\/wp\/v2\/types\/page"}],"author":[{"embeddable":true,"href":"https:\/\/ambbudapest.esteri.it\/hu\/wp-json\/wp\/v2\/users\/1"}],"replies":[{"embeddable":true,"href":"https:\/\/ambbudapest.esteri.it\/hu\/wp-json\/wp\/v2\/comments?post=185"}],"version-history":[{"count":3,"href":"https:\/\/ambbudapest.esteri.it\/hu\/wp-json\/wp\/v2\/pages\/185\/revisions"}],"predecessor-version":[{"id":4387,"href":"https:\/\/ambbudapest.esteri.it\/hu\/wp-json\/wp\/v2\/pages\/185\/revisions\/4387"}],"up":[{"embeddable":true,"href":"https:\/\/ambbudapest.esteri.it\/hu\/wp-json\/wp\/v2\/pages\/162"}],"wp:attachment":[{"href":"https:\/\/ambbudapest.esteri.it\/hu\/wp-json\/wp\/v2\/media?parent=185"}],"curies":[{"name":"wp","href":"https:\/\/api.w.org\/{rel}","templated":true}]}}