{"id":178,"date":"2023-04-11T18:24:38","date_gmt":"2023-04-11T16:24:38","guid":{"rendered":"https:\/\/ambbudapest.esteri.it\/diplomazia-culturale\/studiare-in-italia\/"},"modified":"2024-09-18T11:13:08","modified_gmt":"2024-09-18T09:13:08","slug":"studiare-in-italia","status":"publish","type":"page","link":"https:\/\/ambbudapest.esteri.it\/hu\/italia-e-ungheria\/diplomazia-culturale\/studiare-in-italia\/","title":{"rendered":"Tov\u00e1bbtanul\u00e1s Olaszorsz\u00e1gban"},"content":{"rendered":"<p>Angol \u00e9s olasz nyelven \u00e1ll rendelkez\u00e9sre az Olaszorsz\u00e1gban tanulm\u00e1nyokat folytatni k\u00edv\u00e1n\u00f3 k\u00fclf\u00f6ldi di\u00e1kok t\u00e1j\u00e9koztat\u00e1s\u00e1ra \u00e9s seg\u00edt\u00e9s\u00e9re hivatott \u201eStudy in Italy\u201d (<a href=\"https:\/\/studyinitaly.esteri.it\/\">https:\/\/studyinitaly.esteri.it<\/a>) honlap. A honlap t\u00e1j\u00e9koztat\u00e1st ny\u00fajt az olasz fels\u0151oktat\u00e1sr\u00f3l, az egyetemi beiratkoz\u00e1s folyamat\u00e1r\u00f3l, hasznos tan\u00e1csokkal szolg\u00e1l a mindennapi \u00e9lettel \u00e9s az els\u0151 hivatalos l\u00e9p\u00e9sekkel kapcsolatosan. A t\u00e1j\u00e9koztat\u00f3 r\u00e9szek mellett egy id\u0151szakosan friss\u00edtett, az olasz egyetemek \u00e9s m\u0171v\u00e9szeti fels\u0151oktat\u00e1si int\u00e9zm\u00e9nyek teljes, mintegy 5.000 egyetemi kurzusra vonatkoz\u00f3 k\u00edn\u00e1lat\u00e1t mag\u00e1ban foglal\u00f3 keres\u0151 is megtal\u00e1lhat\u00f3.<\/p>\n","protected":false},"excerpt":{"rendered":"Angol \u00e9s olasz nyelven \u00e1ll rendelkez\u00e9sre az Olaszorsz\u00e1gban tanulm\u00e1nyokat folytatni k\u00edv\u00e1n\u00f3 k\u00fclf\u00f6ldi di\u00e1kok t\u00e1j\u00e9koztat\u00e1s\u00e1ra \u00e9s seg\u00edt\u00e9s\u00e9re hivatott \u201eStudy in Italy\u201d (https:\/\/studyinitaly.esteri.it) honlap. A honlap t\u00e1j\u00e9koztat\u00e1st ny\u00fajt az olasz fels\u0151oktat\u00e1sr\u00f3l, az egyetemi beiratkoz\u00e1s folyamat\u00e1r\u00f3l, hasznos tan\u00e1csokkal szolg\u00e1l a mindennapi \u00e9lettel \u00e9s az els\u0151 hivatalos l\u00e9p\u00e9sekkel kapcsolatosan. A t\u00e1j\u00e9koztat\u00f3 r\u00e9szek mellett egy id\u0151szakosan friss\u00edtett, az olasz egyetemek [&hellip;]","protected":false},"author":1,"featured_media":0,"parent":173,"menu_order":0,"comment_status":"closed","ping_status":"closed","template":"","meta":{"footnotes":""},"class_list":["post-178","page","type-page","status-publish","hentry"],"_links":{"self":[{"href":"https:\/\/ambbudapest.esteri.it\/hu\/wp-json\/wp\/v2\/pages\/178","targetHints":{"allow":["GET"]}}],"collection":[{"href":"https:\/\/ambbudapest.esteri.it\/hu\/wp-json\/wp\/v2\/pages"}],"about":[{"href":"https:\/\/ambbudapest.esteri.it\/hu\/wp-json\/wp\/v2\/types\/page"}],"author":[{"embeddable":true,"href":"https:\/\/ambbudapest.esteri.it\/hu\/wp-json\/wp\/v2\/users\/1"}],"replies":[{"embeddable":true,"href":"https:\/\/ambbudapest.esteri.it\/hu\/wp-json\/wp\/v2\/comments?post=178"}],"version-history":[{"count":6,"href":"https:\/\/ambbudapest.esteri.it\/hu\/wp-json\/wp\/v2\/pages\/178\/revisions"}],"predecessor-version":[{"id":2510,"href":"https:\/\/ambbudapest.esteri.it\/hu\/wp-json\/wp\/v2\/pages\/178\/revisions\/2510"}],"up":[{"embeddable":true,"href":"https:\/\/ambbudapest.esteri.it\/hu\/wp-json\/wp\/v2\/pages\/173"}],"wp:attachment":[{"href":"https:\/\/ambbudapest.esteri.it\/hu\/wp-json\/wp\/v2\/media?parent=178"}],"curies":[{"name":"wp","href":"https:\/\/api.w.org\/{rel}","templated":true}]}}