{"id":176,"date":"2023-04-11T18:24:48","date_gmt":"2023-04-11T16:24:48","guid":{"rendered":"https:\/\/ambbudapest.esteri.it\/diplomazia-culturale\/turismo\/"},"modified":"2025-11-05T13:20:44","modified_gmt":"2025-11-05T12:20:44","slug":"turismo","status":"publish","type":"page","link":"https:\/\/ambbudapest.esteri.it\/hu\/italia-e-ungheria\/diplomazia-culturale\/turismo\/","title":{"rendered":"Turizmus"},"content":{"rendered":"<p>Magyarorsz\u00e1gra szeretn\u00e9l l\u00e1togatni?<\/p>\n<p>A <a href=\"https:\/\/www.viaggiaresicuri.it\/find-country\/country\/HUN\">Viaggiare sicuri weboldalon<\/a> az utaz\u00e1sodhoz minden hasznos inform\u00e1ci\u00f3t megtal\u00e1lsz.<\/p>\n","protected":false},"excerpt":{"rendered":"Magyarorsz\u00e1gra szeretn\u00e9l l\u00e1togatni? A Viaggiare sicuri weboldalon az utaz\u00e1sodhoz minden hasznos inform\u00e1ci\u00f3t megtal\u00e1lsz.","protected":false},"author":1,"featured_media":0,"parent":173,"menu_order":0,"comment_status":"closed","ping_status":"closed","template":"","meta":{"footnotes":""},"class_list":["post-176","page","type-page","status-publish","hentry"],"_links":{"self":[{"href":"https:\/\/ambbudapest.esteri.it\/hu\/wp-json\/wp\/v2\/pages\/176","targetHints":{"allow":["GET"]}}],"collection":[{"href":"https:\/\/ambbudapest.esteri.it\/hu\/wp-json\/wp\/v2\/pages"}],"about":[{"href":"https:\/\/ambbudapest.esteri.it\/hu\/wp-json\/wp\/v2\/types\/page"}],"author":[{"embeddable":true,"href":"https:\/\/ambbudapest.esteri.it\/hu\/wp-json\/wp\/v2\/users\/1"}],"replies":[{"embeddable":true,"href":"https:\/\/ambbudapest.esteri.it\/hu\/wp-json\/wp\/v2\/comments?post=176"}],"version-history":[{"count":5,"href":"https:\/\/ambbudapest.esteri.it\/hu\/wp-json\/wp\/v2\/pages\/176\/revisions"}],"predecessor-version":[{"id":3682,"href":"https:\/\/ambbudapest.esteri.it\/hu\/wp-json\/wp\/v2\/pages\/176\/revisions\/3682"}],"up":[{"embeddable":true,"href":"https:\/\/ambbudapest.esteri.it\/hu\/wp-json\/wp\/v2\/pages\/173"}],"wp:attachment":[{"href":"https:\/\/ambbudapest.esteri.it\/hu\/wp-json\/wp\/v2\/media?parent=176"}],"curies":[{"name":"wp","href":"https:\/\/api.w.org\/{rel}","templated":true}]}}